{"id":45,"date":"2014-12-22T09:19:08","date_gmt":"2014-12-22T09:19:08","guid":{"rendered":"http:\/\/oestanby.weltengeist.de\/www2\/?page_id=45"},"modified":"2016-01-23T10:57:20","modified_gmt":"2016-01-23T10:57:20","slug":"alexey","status":"publish","type":"page","link":"https:\/\/home.xn--stanby-vxa.de\/?page_id=45","title":{"rendered":"Alexey Arwidsson"},"content":{"rendered":"<div id=\"imPage\">\n<div id=\"imCel0_00\">\n<div id=\"imCel0_00_Cont\">\n<div id=\"imObj0_00\">\n<p class=\"imAlign_left\"><span class=\"ff2 fc0 fs10 fb \">OT-Name:<\/span><span class=\"ff2 fc0 fs10 \"> Maik<br \/>\n<\/span><span class=\"ff2 fc0 fs10 fb \">Bespielt seit: <\/span><span class=\"ff2 fc0 fs10 \">2010<br \/>\n<\/span><span class=\"ff2 fc0 fs10 fb \">Titel: <\/span><span class=\"ff2 fc0 fs10 \"><br \/>\n<\/span><span class=\"ff2 fc0 fs10 fb \">Beiname: <\/span><span class=\"ff2 fc0 fs10 \"><br \/>\n<\/span><span class=\"ff2 fc0 fs10 fb \">T\u00e4tigkeit:<\/span><span class=\"ff2 fc0 fs10 \"> Desyatski<\/span><span class=\"ff2 fc0 fs10 fb \"><br \/>\nHerkunft: <\/span><span class=\"ff2 fc0 fs10 \">N\u00fcxei<\/span><\/p>\n<p><span class=\"ff2 fc0 fs10 fb \">Verheiratet mit: <\/span><span class=\"ff2 fc0 fs10 \"> &#8211;<br \/>\n<\/span><\/p>\n<\/div>\n<\/div>\n<\/div>\n<div id=\"imCel0_01\">\n<div id=\"imCel0_01_Cont\">\n<div id=\"imObj0_01\">\n<p class=\"imAlign_left\" style=\"text-align: justify;\"><span class=\"ff2 fc0 fs10 \">Alexey wuchs in der Steppe als einziger Sohn von Arwid und Fjodora auf.<br \/>\nSeine Kindheit war hart. Das einzige, was ihn immer gest\u00f6rt hatte, war, dass er keine Geschwister hatte. Deswegen musste er immer kr\u00e4ftig anpacken. Arwid und Fjodora hatten alles versucht, noch ein Kind zu bekommen, aber ohne Erfolg.<br \/>\nAlexey hatte sich oft vorgestellt, ein wahrer Held zu sein, wie die Krieger, die er in der Steppe beobachtete, wenn sie vorbeiritten. Doch er hatte die Aufgabe, seines Vaters Herde zu \u00fcbernehmen, wenn er einmal nicht mehr sein w\u00fcrde.<br \/>\nNach 15 Sommern passierte etwas schreckliches im Leben von Alexey.<br \/>\nDie Drei hielten mit ihrer Herde an einem Felshang und bauten die Zelte f\u00fcr die Nacht auf. In dieser Nacht wurden sie von einer Gruppe Petschenegen angegriffen. Es war aussichtslos.<br \/>\nSie rannten so schnell sie konnten, um in den Bergen Schutz zu suchen.<br \/>\nSein Vater Arwid wurde durch einen Pfeil get\u00f6tet, der ihn mitten ins Herz traf.<br \/>\nFjodora und Alexey liefen zu einigen Felsen, wo sich Alexey in einer Felsspalte verstecke. Seine Mutter sagte ihm, dass sie die R\u00e4uber weglocken w\u00fcrde und er sich keine Sorgen um sie machen sollte. Fjodora l\u00e4chelte ihn an und verschwand in der Dunkelheit.<br \/>\nAlexey blieb die ganze Nacht in der Felsspalte.<br \/>\nAm n\u00e4chsten Morgen h\u00f6rte er Pferde und Stimmen nicht weit von sich. Er schaute hinaus und sah eine Gruppe Krieger aus \u00d6stanby. Einer von ihnen war Falinn Oddursson. Sie verfolgten die Petschenegen schon seit Tagen.<br \/>\nAlexey erz\u00e4hlte ihnen die Geschichte mit den Petschenegen und seiner Mutter.<br \/>\nFalinn nahm ihn mit in sein Dorf. Dort wurde er dann sp\u00e4ter Ivar Hermundssons Knecht.<\/span><\/p>\n<\/div>\n<\/div>\n<\/div>\n<\/div>\n","protected":false},"excerpt":{"rendered":"<p>OT-Name: Maik Bespielt seit: 2010 Titel: Beiname: T\u00e4tigkeit: Desyatski Herkunft: N\u00fcxei Verheiratet mit: &#8211; Alexey wuchs in der Steppe als einziger Sohn von Arwid und Fjodora auf. Seine Kindheit war hart. Das einzige, was ihn immer gest\u00f6rt hatte, war, dass er keine Geschwister hatte. Deswegen musste er immer kr\u00e4ftig anpacken. Arwid und Fjodora hatten alles&#8230; <a href=\"https:\/\/home.xn--stanby-vxa.de\/?page_id=45\">Continue reading: Alexey Arwidsson<\/a><\/p>\n","protected":false},"author":1,"featured_media":0,"parent":56,"menu_order":0,"comment_status":"closed","ping_status":"closed","template":"","meta":{"footnotes":""},"class_list":["post-45","page","type-page","status-publish","hentry"],"_links":{"self":[{"href":"https:\/\/home.xn--stanby-vxa.de\/index.php?rest_route=\/wp\/v2\/pages\/45","targetHints":{"allow":["GET"]}}],"collection":[{"href":"https:\/\/home.xn--stanby-vxa.de\/index.php?rest_route=\/wp\/v2\/pages"}],"about":[{"href":"https:\/\/home.xn--stanby-vxa.de\/index.php?rest_route=\/wp\/v2\/types\/page"}],"author":[{"embeddable":true,"href":"https:\/\/home.xn--stanby-vxa.de\/index.php?rest_route=\/wp\/v2\/users\/1"}],"replies":[{"embeddable":true,"href":"https:\/\/home.xn--stanby-vxa.de\/index.php?rest_route=%2Fwp%2Fv2%2Fcomments&post=45"}],"version-history":[{"count":2,"href":"https:\/\/home.xn--stanby-vxa.de\/index.php?rest_route=\/wp\/v2\/pages\/45\/revisions"}],"predecessor-version":[{"id":91,"href":"https:\/\/home.xn--stanby-vxa.de\/index.php?rest_route=\/wp\/v2\/pages\/45\/revisions\/91"}],"up":[{"embeddable":true,"href":"https:\/\/home.xn--stanby-vxa.de\/index.php?rest_route=\/wp\/v2\/pages\/56"}],"wp:attachment":[{"href":"https:\/\/home.xn--stanby-vxa.de\/index.php?rest_route=%2Fwp%2Fv2%2Fmedia&parent=45"}],"curies":[{"name":"wp","href":"https:\/\/api.w.org\/{rel}","templated":true}]}}