{"id":41,"date":"2014-12-22T09:17:48","date_gmt":"2014-12-22T09:17:48","guid":{"rendered":"http:\/\/oestanby.weltengeist.de\/www2\/?page_id=41"},"modified":"2016-01-23T10:57:20","modified_gmt":"2016-01-23T10:57:20","slug":"pila","status":"publish","type":"page","link":"https:\/\/home.xn--stanby-vxa.de\/?page_id=41","title":{"rendered":"Pila Ebegeisdottir"},"content":{"rendered":"<div id=\"imPage\">\n<div id=\"imCel0_00\">\n<div id=\"imCel0_00_Cont\">\n<div id=\"imObj0_00\">\n<p class=\"imAlign_left\"><span class=\"ff2 fc0 fs10 fb \">OT-Name:<\/span><span class=\"ff2 fc0 fs10 \"> Carmen<br \/>\n<\/span><span class=\"ff2 fc0 fs10 fb \">Bespielt seit:<\/span><span class=\"ff2 fc0 fs10 \"> 2005<br \/>\n<\/span><span class=\"ff2 fc0 fs10 fb \">Titel:<\/span><span class=\"ff2 fc0 fs10 \"> Knyajarina<br \/>\n<\/span><span class=\"ff2 fc0 fs10 fb \">Beiname:<\/span><span class=\"ff2 fc0 fs10 \"><br \/>\n<\/span><span class=\"ff2 fc0 fs10 fb \">T\u00e4tigkeit:<\/span><span class=\"ff2 fc0 fs10 \"> F\u00fcrstin von \u00d6stanby<br \/>\n<\/span><span class=\"ff2 fc0 fs10 fb \">Herkunft: <\/span><span class=\"ff2 fc0 fs10 \">\u00d6stanby<br \/>\n<\/span><span class=\"ff2 fc0 fs10 fb \"><br \/>\nVerheiratet mit:<\/span><span class=\"ff2 fc0 fs10 \"> Rasmus Temudsson<br \/>\n<\/span><\/p>\n<\/div>\n<\/div>\n<\/div>\n<div id=\"imCel0_01\">\n<div id=\"imCel0_01_Cont\">\n<div id=\"imObj0_01\">\n<p class=\"imAlign_left\" style=\"text-align: justify;\"><span class=\"ff2 fc0 fs10 \">Pila ist die \u00e4lteste Tochter des Nordmannes Thoralf Aronsson und der Nomadin Ebegei.<\/span><\/p>\n<p style=\"text-align: justify;\">Pilas Mutter Ebegei war die einzige Tochter eines Nomadenstammesf\u00fcrsten, welcher seinen Wintersitz in der N\u00e4he \u00d6stanbys hatte. Thoralf war Huskarl bei Rasmus Vater Temud und lernte Ebegei w\u00e4hrend eines Winteraufenthaltes des Nomadenstammes in \u00d6stanby kennen. Da Ebegeis Vater keine m\u00e4nnlichen Nachkommen hatte, ging die Stammesf\u00fchrung bei dessen Tod, kurz nach der Hochzeit Ebegeis und Thoralfs, auf Ebegei \u00fcber bzw. auf ihren Mann Thoralf. So zog Thoralf nun als Stammesf\u00fcrst mit Ebegei und den Nomaden durch die Steppen.<\/p>\n<p style=\"text-align: justify;\">An einem st\u00fcrmischen Herbsttag in den Steppen gebar Ebegei ihr erstes und einziges Kind: Pila.<br \/>\nWie es bei den Nomadenv\u00f6lkern \u00fcblich ist, wird die \u00e4lteste Tochter eines Stammesf\u00fcrsten von ihrer Mutter in der Heilkunst unterwiesen. So auch Pila. Doch konnte Ebegei nicht ihr ganzes Wissen an Pila weitergeben, da sie bei einem Jagdausflug ums Leben kam, als Pila 11 Jahre alt war.<br \/>\nEbegei brach allein an einem nebligen Morgen im Scheiding in die Steppe auf, um Kleintiere zu jagen. Pl\u00f6tzlich sah sie sich einem Wolfsrudel gegen\u00fcber. Sie verteidigte sich so gut sie konnte, jedoch war sie der \u00dcbermacht ihrer Gegner nicht gewachsen. Als sie am Abend nicht in das Lager zur\u00fcckgekehrt war, schickte Thoralf einige M\u00e4nner los sie zu suchen. Thoralf fand Ebegei selbst. Er kam mit ihrem Leichnam und einem versteinertem Gesicht ins Lager zur\u00fcck. Seine Begleiter erz\u00e4hlten, sie h\u00e4tten Ebegei neben 3 toten W\u00f6lfen und ihrem toten Pferd in einiger Entfernung n\u00f6rdlich des Lagers gefunden.<\/p>\n<p style=\"text-align: justify;\">In seiner Trauer um Ebegei, wollte Thoralf sich jedoch keine neue Frau nehmen, so dass Pila Einzelkind bleiben sollte. Da Thoralf in Pila seine walk\u00fcrengleiche, verstorbene Frau wiederzuerkennen glaubte, lie\u00df er sie relativ frei aufwachsen und brachte ihr alles wissenswerte zur F\u00fchrung eines Stammes bei. Ebenso erlernte Pila das Reiten, sowie den Umgang mit Pfeil und Bogen. Sie war die einzige, die zu dem Gram erf\u00fcllten Thoralf Zugang fand. Er mied seit dem Tod seiner Frau jeden Kontakt mit anderen Menschen und verlegte das Winterlager in den Schutz und die Einsamkeit der Berge weit \u00f6stlich von \u00d6stanby.<\/p>\n<p style=\"text-align: justify;\">Als Pila 16 Jahre alt war lie\u00df Thoralf seine Tochter von einer alten Schamanin des Stammes weiter in die Heilkunst einweisen. Im selben Jahr beschloss Thoralf den Wintersitz des Stammes in die N\u00e4he \u00d6stanbys zur\u00fcck zu verlegen, da die \u00d6stanbyer dem Stamm gut gesinnt waren, und gerne Handel mit Nomadenv\u00f6lkern betrieben (der sch\u00f6nen Pelze wegen). So lernte Thoralf nun nach 5 Jahren Trauer eine h\u00fcbsche verwitwete Nordfrau kennen, deren Mann bei dem gro\u00dfen Brand in \u00d6stanby umgekommen war (in dem auch Temud sein Augenlicht verlor), als er versuchte ein Kind vor dem Flammentod zu retten. Thoralf ehelichte sie trotz anf\u00e4nglichem Misstrauen des Stammes und zeugte mit ihr 2 S\u00f6hne und eine Tochter.<\/p>\n<p style=\"text-align: justify;\">Im folgenden Winter begleitete Pila ihren Vater zum Markt in \u00d6stanby, um dort Heilkr\u00e4uter zu erstehen, und lernte dort Rasmus Temudsson kennen. Rasmus ist sofort von ihrer Wildheit fasziniert, w\u00e4hrend Pila mit ihrer spitzen Zunge allerlei Sticheleien verteilt. Zuvor war es keinem Mann gelungen sie zu z\u00e4hmen. Doch nach einigen Begegnungen, musste sie erkennen, dass ihre gesprochenen Dolchhiebe nur ein Abwehrmechanismus gegen diesen charmanten Riesen waren. Nach hitzigen Wortgefechten gelang es ihm, ihren Panzer zu durchbrechen, und im darauf folgenden Sommer heirateten Rasmus und Pila.<\/p>\n<\/div>\n<\/div>\n<\/div>\n<\/div>\n","protected":false},"excerpt":{"rendered":"<p>OT-Name: Carmen Bespielt seit: 2005 Titel: Knyajarina Beiname: T\u00e4tigkeit: F\u00fcrstin von \u00d6stanby Herkunft: \u00d6stanby Verheiratet mit: Rasmus Temudsson Pila ist die \u00e4lteste Tochter des Nordmannes Thoralf Aronsson und der Nomadin Ebegei. Pilas Mutter Ebegei war die einzige Tochter eines Nomadenstammesf\u00fcrsten, welcher seinen Wintersitz in der N\u00e4he \u00d6stanbys hatte. Thoralf war Huskarl bei Rasmus Vater Temud&#8230; <a href=\"https:\/\/home.xn--stanby-vxa.de\/?page_id=41\">Continue reading: Pila Ebegeisdottir<\/a><\/p>\n","protected":false},"author":1,"featured_media":0,"parent":56,"menu_order":0,"comment_status":"closed","ping_status":"closed","template":"","meta":{"footnotes":""},"class_list":["post-41","page","type-page","status-publish","hentry"],"_links":{"self":[{"href":"https:\/\/home.xn--stanby-vxa.de\/index.php?rest_route=\/wp\/v2\/pages\/41","targetHints":{"allow":["GET"]}}],"collection":[{"href":"https:\/\/home.xn--stanby-vxa.de\/index.php?rest_route=\/wp\/v2\/pages"}],"about":[{"href":"https:\/\/home.xn--stanby-vxa.de\/index.php?rest_route=\/wp\/v2\/types\/page"}],"author":[{"embeddable":true,"href":"https:\/\/home.xn--stanby-vxa.de\/index.php?rest_route=\/wp\/v2\/users\/1"}],"replies":[{"embeddable":true,"href":"https:\/\/home.xn--stanby-vxa.de\/index.php?rest_route=%2Fwp%2Fv2%2Fcomments&post=41"}],"version-history":[{"count":2,"href":"https:\/\/home.xn--stanby-vxa.de\/index.php?rest_route=\/wp\/v2\/pages\/41\/revisions"}],"predecessor-version":[{"id":87,"href":"https:\/\/home.xn--stanby-vxa.de\/index.php?rest_route=\/wp\/v2\/pages\/41\/revisions\/87"}],"up":[{"embeddable":true,"href":"https:\/\/home.xn--stanby-vxa.de\/index.php?rest_route=\/wp\/v2\/pages\/56"}],"wp:attachment":[{"href":"https:\/\/home.xn--stanby-vxa.de\/index.php?rest_route=%2Fwp%2Fv2%2Fmedia&parent=41"}],"curies":[{"name":"wp","href":"https:\/\/api.w.org\/{rel}","templated":true}]}}