{"id":33,"date":"2014-12-22T09:07:38","date_gmt":"2014-12-22T09:07:38","guid":{"rendered":"http:\/\/oestanby.weltengeist.de\/www2\/?page_id=33"},"modified":"2024-11-30T13:54:37","modified_gmt":"2024-11-30T13:54:37","slug":"willkommmen","status":"publish","type":"page","link":"https:\/\/home.xn--stanby-vxa.de\/","title":{"rendered":"Privijt Wanderer!"},"content":{"rendered":"<p style=\"text-align: justify;\"><strong><span class=\"ff2 fc0 fs18 fb \">Willkommen auf unserer Webseite!<\/span><\/strong><span class=\"ff1 fc0 fs10 \"><br \/>\n<\/span><span class=\"ff1 fc0 fs12 \"><br \/>\n<\/span><span class=\"ff2 fc0 fs10 \">\u00d6stanby ist eine Gruppe, die sich mit der Darstellung von Wikingern und Rus im LARP befasst. Diese Seite bietet einige Hintergrundinformationen \u00fcber unsere Gruppe und Kontaktm\u00f6glichkeit zu einzelnen Spielern.<\/span><\/p>\n<p style=\"text-align: justify;\"><span class=\"ff2 fc0 fs10 \">Viel Spa\u00df beim St\u00f6bern!<\/span><\/p>\n","protected":false},"excerpt":{"rendered":"<p>Willkommen auf unserer Webseite! \u00d6stanby ist eine Gruppe, die sich mit der Darstellung von Wikingern und Rus im LARP befasst. Diese Seite bietet einige Hintergrundinformationen \u00fcber unsere Gruppe und Kontaktm\u00f6glichkeit zu einzelnen Spielern. Viel Spa\u00df beim St\u00f6bern!<\/p>\n","protected":false},"author":1,"featured_media":0,"parent":0,"menu_order":0,"comment_status":"closed","ping_status":"closed","template":"","meta":{"footnotes":""},"class_list":["post-33","page","type-page","status-publish","hentry"],"_links":{"self":[{"href":"https:\/\/home.xn--stanby-vxa.de\/index.php?rest_route=\/wp\/v2\/pages\/33","targetHints":{"allow":["GET"]}}],"collection":[{"href":"https:\/\/home.xn--stanby-vxa.de\/index.php?rest_route=\/wp\/v2\/pages"}],"about":[{"href":"https:\/\/home.xn--stanby-vxa.de\/index.php?rest_route=\/wp\/v2\/types\/page"}],"author":[{"embeddable":true,"href":"https:\/\/home.xn--stanby-vxa.de\/index.php?rest_route=\/wp\/v2\/users\/1"}],"replies":[{"embeddable":true,"href":"https:\/\/home.xn--stanby-vxa.de\/index.php?rest_route=%2Fwp%2Fv2%2Fcomments&post=33"}],"version-history":[{"count":5,"href":"https:\/\/home.xn--stanby-vxa.de\/index.php?rest_route=\/wp\/v2\/pages\/33\/revisions"}],"predecessor-version":[{"id":176,"href":"https:\/\/home.xn--stanby-vxa.de\/index.php?rest_route=\/wp\/v2\/pages\/33\/revisions\/176"}],"wp:attachment":[{"href":"https:\/\/home.xn--stanby-vxa.de\/index.php?rest_route=%2Fwp%2Fv2%2Fmedia&parent=33"}],"curies":[{"name":"wp","href":"https:\/\/api.w.org\/{rel}","templated":true}]}}