{"id":28,"date":"2014-12-22T09:04:09","date_gmt":"2014-12-22T09:04:09","guid":{"rendered":"http:\/\/oestanby.weltengeist.de\/www2\/?page_id=28"},"modified":"2018-08-19T12:13:42","modified_gmt":"2018-08-19T12:13:42","slug":"oestanby","status":"publish","type":"page","link":"https:\/\/home.xn--stanby-vxa.de\/?page_id=28","title":{"rendered":"\u00d6stanby"},"content":{"rendered":"<div id=\"imCel0_00\">\n<div id=\"imCel0_00_Cont\">\n<div id=\"imObj0_00\">\n<p style=\"text-align: justify;\">Die Menschen aus \u00d6stanby leben im Osten des Silberlands (S\u00f8lvleir). Ihr Lebensraum ist die s\u00fcd\u00f6stliche Steppe, ihr Leben gepr\u00e4gt vom rauen Klima und den langj\u00e4hrigen K\u00e4mpfen gegen einfallende Nomaden.<\/p>\n<\/div>\n<\/div>\n<\/div>\n<div id=\"imCel0_02\" style=\"text-align: justify;\">\n<div id=\"imCel0_02_Cont\">\n<div id=\"imObj0_02\">\n<p class=\"imAlign_left\"><strong><span class=\"ff2 fc0 fs10 fb \">Die Siedlung<\/span><\/strong><\/p>\n<p><span class=\"ff2 fc0 fs10 \">\u00d6stanby ist nach dem einzigen befestigten Ort im Lande benannt. Ein wehrhaftes Dorf, das mit einer Stein-\/Holzpalisade umgeben ist, in der das Herrs<\/span><span class=\"ff2 fc0 fs10 \">chergeschlecht lebt. Eine der wenigen Wasserquellen entspringt im Zentrum. Das Tor, mit seinem gro\u00dfen W<\/span><span class=\"ff2 fc0 fs10 \">achturm, zeigt nach Westen, Richtung der Berge jenseits des gro\u00dfen Stromes. Von hier aus \u00fcberblickt man ein weites Gebiet und im Falle <\/span><span class=\"ff2 fc0 fs10 \">eines Angriffes werden Feuersignale in Richtung Landesinnere gegeben. In der Mitte des Dorfplatzes, neben der Quelle, steht ein gro\u00dfer Runenstein, der die Geschichte \u00d6stanbys erz\u00e4hlt und die Menschen daran erinnert, woher sie kommen und <\/span><span class=\"ff2 fc0 fs10 \">wer sie sind.<\/span><br \/>\n<span class=\"ff2 fc0 fs10 \">Ein Teil der Menschen lebt die meiste Zeit des Jahres wie seine nomadischen Vorfahren und zieht mit dem Vieh durch die Steppe. Nur zu den Allthings und gro\u00dfen Feiern zieht es sie wieder nach \u00d6stanby. Der Rest der \u00d6stanbyer lebt im Dorf und geht dort handwerklichen Berufen nach.<\/span><span class=\"ff1 fc0 fs10 \"><br \/>\n<\/span><span class=\"ff2 fc0 fs10 \">Die meisten Geb\u00e4ude in \u00d6stanby sind \u00fcberwiegend aus Stein, Lehm oder Tierh\u00e4uten gebaut, da es kaum W\u00e4lder f\u00fcr Bauholz gibt. So wirken einige H\u00fctten nicht viel besser als Zelte.<\/span><span class=\"ff1 fc0 fs10 \"><br \/>\n<\/span><span class=\"ff2 fc0 fs10 \">Das Herrschergeschlecht lebt im gr\u00f6\u00dften Geb\u00e4ude in \u00d6stanby. Es liegt nahe des Zentrums und \u00fcberragt alle andere Geb\u00e4ude im Ort. Eine steineren Treppe f\u00fchrt vom Runenstein hinauf zum Eingang. Die schweren T\u00fcren sind mit Eisenfiguren verziert: ein Pferd und ein Wolf.<\/span><\/p>\n<p>&nbsp;<\/p>\n<\/div>\n<\/div>\n<\/div>\n<div id=\"imCel0_01\" style=\"text-align: justify;\">\n<div id=\"imCel0_01_Cont\">\n<div id=\"imObj0_01\">\n<p class=\"imAlign_left\"><strong><span class=\"ff2 fc2 fs10 fb \">Herrschersippe<\/span><\/strong><\/p>\n<p><span class=\"ff2 fc0 fs10 \">\u00d6stanby w<\/span><span class=\"ff2 fc0 fs10 \">ird von einer alteingesessenen Sippe angef\u00fchrt. Hersir Rasmus &#8222;St\u00e4ppvarg&#8220; ist der \u00e4lteste Sohn von Temud und <\/span><span class=\"ff2 fc0 fs10 \">sei<\/span><span class=\"ff2 fc0 fs10 \">nem Weib Jorunn (&#8222;schnelles Pferd&#8220;). Er f\u00fchrt seit einigen Jahren die Geschicke in \u00d6stanby, da sein Vater Temud &#8222;der Klingenbrecher&#8220;, e<\/span><span class=\"ff2 fc0 fs10 \">i<\/span><span class=\"ff2 fc0 fs10 \">nst st<\/span><span class=\"ff2 fc0 fs10 \">ark und kraftvoll, durch einen schweren Brand sein Augenlicht verlor und die F\u00fchrung der Sippe an seinen \u00e4ltesten Sohn abgab. Temud h<\/span><span class=\"ff2 fc0 fs10 \">at dr<\/span><span class=\"ff2 fc0 fs10 \">ei <\/span><span class=\"ff2 fc0 fs10 \">weitere S\u00f6hne: Jaroslaw, ein geschickter Reiter, Raumur, gef\u00e4hrlich mit der Lanze und Garpur, der j\u00fcngste. Die vier Br\u00fcder werden v<\/span><span class=\"ff2 fc0 fs10 \">on den \u00d6stanbyern die Steppenw\u00f6lfe genannt.<\/span><\/p>\n<p>&nbsp;<\/p>\n<\/div>\n<\/div>\n<\/div>\n<div id=\"imCel0_03\">\n<div id=\"imCel0_03_Cont\">\n<div id=\"imObj0_03\">\n<p class=\"imAlign_left\" style=\"text-align: justify;\"><strong><span class=\"ff2 fc0 fs10 fb \">Glaube<\/span><\/strong><\/p>\n<p style=\"text-align: justify;\"><span class=\"ff2 fc0 fs10 \">Die \u00d6stanbyer glauben an die Asen und Wanen, wie ihre Vorfahren. Die Goden und Gydias sprechen zu den G\u00f6ttern und erbitten deren Hilfe. Sie halten Zeremonien ab und erz\u00e4hlen &amp; pflegen die alten Geschichten.<\/span><span class=\"ff1 fc0 fs10 \"><br \/>\n<\/span><span class=\"ff2 fc0 fs10 \">Der Schutzgott \u00d6stanbys ist Heimdall. Er bewacht Bifrost, die Br\u00fccke zwischen Asgard und Midgard; er ist der Schutzgott aller Wachenden. \u00d6stanby hat unter Heimdalls Schutz viele Belagerungen \u00fcberwunden.<\/span><\/p>\n<\/div>\n<\/div>\n<\/div>\n","protected":false},"excerpt":{"rendered":"<p>Die Menschen aus \u00d6stanby leben im Osten des Silberlands (S\u00f8lvleir). Ihr Lebensraum ist die s\u00fcd\u00f6stliche Steppe, ihr Leben gepr\u00e4gt vom rauen Klima und den langj\u00e4hrigen K\u00e4mpfen gegen einfallende Nomaden. Die Siedlung \u00d6stanby ist nach dem einzigen befestigten Ort im Lande benannt. Ein wehrhaftes Dorf, das mit einer Stein-\/Holzpalisade umgeben ist, in der das Herrschergeschlecht lebt&#8230;. <a href=\"https:\/\/home.xn--stanby-vxa.de\/?page_id=28\">Continue reading: \u00d6stanby<\/a><\/p>\n","protected":false},"author":1,"featured_media":0,"parent":0,"menu_order":0,"comment_status":"closed","ping_status":"closed","template":"","meta":{"footnotes":""},"class_list":["post-28","page","type-page","status-publish","hentry"],"_links":{"self":[{"href":"https:\/\/home.xn--stanby-vxa.de\/index.php?rest_route=\/wp\/v2\/pages\/28","targetHints":{"allow":["GET"]}}],"collection":[{"href":"https:\/\/home.xn--stanby-vxa.de\/index.php?rest_route=\/wp\/v2\/pages"}],"about":[{"href":"https:\/\/home.xn--stanby-vxa.de\/index.php?rest_route=\/wp\/v2\/types\/page"}],"author":[{"embeddable":true,"href":"https:\/\/home.xn--stanby-vxa.de\/index.php?rest_route=\/wp\/v2\/users\/1"}],"replies":[{"embeddable":true,"href":"https:\/\/home.xn--stanby-vxa.de\/index.php?rest_route=%2Fwp%2Fv2%2Fcomments&post=28"}],"version-history":[{"count":10,"href":"https:\/\/home.xn--stanby-vxa.de\/index.php?rest_route=\/wp\/v2\/pages\/28\/revisions"}],"predecessor-version":[{"id":164,"href":"https:\/\/home.xn--stanby-vxa.de\/index.php?rest_route=\/wp\/v2\/pages\/28\/revisions\/164"}],"wp:attachment":[{"href":"https:\/\/home.xn--stanby-vxa.de\/index.php?rest_route=%2Fwp%2Fv2%2Fmedia&parent=28"}],"curies":[{"name":"wp","href":"https:\/\/api.w.org\/{rel}","templated":true}]}}