{"id":20,"date":"2014-12-22T08:58:27","date_gmt":"2014-12-22T08:58:27","guid":{"rendered":"http:\/\/oestanby.weltengeist.de\/www2\/?page_id=20"},"modified":"2018-08-19T12:21:37","modified_gmt":"2018-08-19T12:21:37","slug":"impressum","status":"publish","type":"page","link":"https:\/\/home.xn--stanby-vxa.de\/?page_id=20","title":{"rendered":"Impressum"},"content":{"rendered":"<div id=\"imCel0_02\">\n<div id=\"imCel0_02_Cont\">\n<div id=\"imObj0_02\">\n<p class=\"imAlign_left\" style=\"text-align: justify;\"><span class=\"ff2 fc0 fs10 fb \"><strong>Haftung f\u00fcr Inhalte<\/strong><br \/>\n<\/span><span class=\"ff1 fc0 fs10 \"><br \/>\n<\/span><span class=\"ff2 fc0 fs10 \">Die Inhalte unserer Seiten wurden mit gr\u00f6\u00dfter Sorgfalt erstellt. F\u00fcr die Richtigkeit, Vollst\u00e4ndigkeit und Aktualit\u00e4t der Inhalte k\u00f6nnen wir jedoch keine Gew\u00e4hr \u00fcbernehmen.<\/span><\/p>\n<p style=\"text-align: justify;\"><span class=\"ff2 fc0 fs10 \">Als Diensteanbieter sind wir gem\u00e4\u00df \u00a7 6 Abs.1 MDStV und \u00a7 8 Abs.1 TDG f\u00fcr eigene Inhalte auf diesen Seiten nach den allgemeinen Gesetzen verantwortlich. Diensteanbieter sind jedoch nicht verpflichtet, die von ihnen \u00fcbermittelten oder gespeicherten fremden Informationen zu \u00fcberwachen oder nach Umst\u00e4nden zu forschen, die auf eine rechtswidrige T\u00e4tigkeit hinweisen. Verpflichtungen zur Entfernung oder Sperrung der Nutzung von Informationen nach den allgemeinen Gesetzen bleiben hiervon unber\u00fchrt. Eine diesbez\u00fcgliche Haftung ist jedoch erst ab dem Zeitpunkt der Kenntnis einer konkreten Rechtsverletzung m\u00f6glich. Bei bekannt werden von entsprechenden Rechtsverletzungen werden wir diese Inhalte umgehend entfernen.<\/span><\/p>\n<p style=\"text-align: justify;\"><strong><span class=\"ff2 fc0 fs10 fb \">Haftung f\u00fcr Links<\/span><\/strong><\/p>\n<p style=\"text-align: justify;\"><span class=\"ff2 fc0 fs10 \">Unser Angebot enth\u00e4lt Links zu externen Webseiten Dritter, auf deren Inhalte wir keinen Einfluss haben. Deshalb k\u00f6nnen wir f\u00fcr diese fremden Inhalte auch keine Gew\u00e4hr \u00fcbernehmen. F\u00fcr die Inhalte der verlinkten Seiten ist stets der jeweilige Anbieter oder Betreiber der Seiten verantwortlich. Die verlinkten Seiten wurden zum Zeitpunkt der Verlinkung auf m\u00f6gliche Rechtsverst\u00f6\u00dfe \u00fcberpr\u00fcft. Rechtswidrige Inhalte waren zum Zeitpunkt der Verlinkung nicht erkennbar. Eine permanente inhaltliche Kontrolle der verlinkten Seiten ist jedoch ohne konkrete Anhaltspunkte einer Rechtsverletzung nicht zumutbar. Bei bekannt werden von Rechtsverletzungen werden wir derartige Links umgehend entfernen.<\/span><\/p>\n<p style=\"text-align: justify;\"><span class=\"ff2 fc0 fs10 fb \"><strong>Urheberrecht<\/strong><br \/>\n<\/span><span class=\"ff1 fc0 fs10 \"><br \/>\n<\/span><span class=\"ff2 fc0 fs10 \">Die Betreiber der Seiten sind bem\u00fcht, stets die Urheberrechte anderer zu beachten bzw. auf selbst erstellte sowie lizenzfreie Werke zur\u00fcckzugreifen.<\/span><\/p>\n<p style=\"text-align: justify;\"><span class=\"ff2 fc0 fs10 \">Die durch die Seitenbetreiber erstellten Inhalte und Werke auf diesen Seiten unterliegen dem deutschen Urheberrecht. Beitr\u00e4ge Dritter sind als solche gekennzeichnet. Die Vervielf\u00e4ltigung, Bearbeitung, Verbreitung und jede Art der Verwertung au\u00dferhalb der Grenzen des Urheberrechtes bed\u00fcrfen der schriftlichen Zustimmung des jeweiligen Autors bzw. Erstellers. Downloads und Kopien dieser Seite sind nur f\u00fcr den privaten, nicht kommerziellen Gebrauch gestattet.<\/span><\/p>\n<p style=\"text-align: justify;\"><strong><span class=\"ff2 fc0 fs10 fb \">Datenschutz<\/span><\/strong><\/p>\n<p style=\"text-align: justify;\"><span class=\"ff2 fc0 fs10 \">Soweit auf unseren Seiten personenbezogene Daten (beispielsweise Name, Anschrift oder eMail-Adressen) erhoben werden, erfolgt dies soweit m\u00f6glich stets auf freiwilliger Basis. Die Nutzung der Angebote und Dienste ist, soweit m\u00f6glich, stets ohne Angabe personenbezogener Daten m\u00f6glich.<\/span><\/p>\n<p style=\"text-align: justify;\"><span class=\"ff2 fc0 fs10 \">Der Nutzung von im Rahmen der Impressumspflicht ver\u00f6ffentlichten Kontaktdaten durch Dritte zur \u00dcbersendung von nicht ausdr\u00fccklich angeforderter Werbung und Informationsmaterialien wird hiermit ausdr\u00fccklich widersprochen. Die Betreiber der Seiten behalten sich ausdr\u00fccklich rechtliche Schritte im Falle der unverlangten Zusendung von Werbeinformationen, etwa durch Spam-Mails, vor.<\/span><\/p>\n<p style=\"text-align: justify;\"><span class=\"ff2 fc0 fs10 \">Quelle: <a href=\"http:\/\/www.e-recht24.de\/muster-disclaimer.htm\">Disclaimer<\/a> von S\u00f6ren Siebert &#8211; <a href=\"http:\/\/www.e-recht24.de\/\">Anwalt Internetrecht<\/a><\/span><\/p>\n<p style=\"text-align: justify;\"><strong><span class=\"ff2 fc2 fs10 fb \">Verantwortlich i.S.d. TDG bzw. MdStV:<\/span><\/strong><\/p>\n<p style=\"text-align: justify;\"><span class=\"ff2 fc0 fs10 \">Alexander-G. Skrypzinski<\/span><span class=\"ff1 fc0 fs10 \"><br \/>\n<\/span><span class=\"ff2 fc0 fs10 \">Im Gr\u00fcnen Winkel 18b<\/span><span class=\"ff1 fc0 fs10 \"><br \/>\n<\/span><span class=\"ff2 fc0 fs10 \">37154 Northeim (Deutschland)<\/span><\/p>\n<p class=\"imAlign_left\" style=\"text-align: justify;\">E-Mail: ag.s@gmx.de<\/p>\n<\/div>\n<\/div>\n<\/div>\n","protected":false},"excerpt":{"rendered":"<p>Haftung f\u00fcr Inhalte Die Inhalte unserer Seiten wurden mit gr\u00f6\u00dfter Sorgfalt erstellt. F\u00fcr die Richtigkeit, Vollst\u00e4ndigkeit und Aktualit\u00e4t der Inhalte k\u00f6nnen wir jedoch keine Gew\u00e4hr \u00fcbernehmen. Als Diensteanbieter sind wir gem\u00e4\u00df \u00a7 6 Abs.1 MDStV und \u00a7 8 Abs.1 TDG f\u00fcr eigene Inhalte auf diesen Seiten nach den allgemeinen Gesetzen verantwortlich. Diensteanbieter sind jedoch nicht&#8230; <a href=\"https:\/\/home.xn--stanby-vxa.de\/?page_id=20\">Continue reading: Impressum<\/a><\/p>\n","protected":false},"author":1,"featured_media":0,"parent":0,"menu_order":0,"comment_status":"closed","ping_status":"closed","template":"","meta":{"footnotes":""},"class_list":["post-20","page","type-page","status-publish","hentry"],"_links":{"self":[{"href":"https:\/\/home.xn--stanby-vxa.de\/index.php?rest_route=\/wp\/v2\/pages\/20","targetHints":{"allow":["GET"]}}],"collection":[{"href":"https:\/\/home.xn--stanby-vxa.de\/index.php?rest_route=\/wp\/v2\/pages"}],"about":[{"href":"https:\/\/home.xn--stanby-vxa.de\/index.php?rest_route=\/wp\/v2\/types\/page"}],"author":[{"embeddable":true,"href":"https:\/\/home.xn--stanby-vxa.de\/index.php?rest_route=\/wp\/v2\/users\/1"}],"replies":[{"embeddable":true,"href":"https:\/\/home.xn--stanby-vxa.de\/index.php?rest_route=%2Fwp%2Fv2%2Fcomments&post=20"}],"version-history":[{"count":5,"href":"https:\/\/home.xn--stanby-vxa.de\/index.php?rest_route=\/wp\/v2\/pages\/20\/revisions"}],"predecessor-version":[{"id":167,"href":"https:\/\/home.xn--stanby-vxa.de\/index.php?rest_route=\/wp\/v2\/pages\/20\/revisions\/167"}],"wp:attachment":[{"href":"https:\/\/home.xn--stanby-vxa.de\/index.php?rest_route=%2Fwp%2Fv2%2Fmedia&parent=20"}],"curies":[{"name":"wp","href":"https:\/\/api.w.org\/{rel}","templated":true}]}}